{"id":78,"date":"2024-05-27T13:42:45","date_gmt":"2024-05-27T13:42:45","guid":{"rendered":"https:\/\/byggservicekallmora.se\/home\/"},"modified":"2025-01-14T18:52:37","modified_gmt":"2025-01-14T18:52:37","slug":"home","status":"publish","type":"page","link":"https:\/\/byggservicekallmora.se\/en\/","title":{"rendered":"Home"},"content":{"rendered":"<div class=\"wp-block-uagb-container uagb-block-88d033f1 alignfull uagb-is-root-container\"><div class=\"uagb-container-inner-blocks-wrap\">\n<div class=\"wp-block-uagb-container uagb-block-f9a59007\">\n<div class=\"wp-block-uagb-container uagb-block-d8c2cf2a\">\n<h3 class=\"wp-block-heading has-text-align-center has-ast-global-color-1-color has-text-color has-link-color wp-elements-c3e6a1e60bbf12e8f9b13c5a18fff572\">Beh\u00f6ver du en p\u00e5litlig hantverkare?<br>Vad kan vi g\u00f6ra f\u00f6r dig?<\/h3>\n\n\n\n<div class=\"wp-block-buttons is-content-justification-center is-layout-flex wp-container-core-buttons-is-layout-1 wp-block-buttons-is-layout-flex\">\n<div class=\"wp-block-button is-style-outline\"><a class=\"wp-block-button__link has-ast-global-color-1-color has-ast-global-color-5-background-color has-text-color has-background has-link-color wp-element-button\" href=\"https:\/\/byggservicekallmora.se\/en\/smajobb\/\" style=\"border-width:2px\">Sm\u00e5jobb<\/a><\/div>\n\n\n\n<div class=\"wp-block-button is-style-outline\"><a class=\"wp-block-button__link has-ast-global-color-1-color has-ast-global-color-5-background-color has-text-color has-background has-link-color wp-element-button\" href=\"https:\/\/byggservicekallmora.se\/en\/projekt\/\" style=\"border-width:2px\">Projects<\/a><\/div>\n<\/div>\n<\/div>\n\n\n\n<p><\/p>\n\n\n\n<p><\/p>\n\n\n\n<p><\/p>\n\n\n\n<h4 class=\"wp-block-heading has-text-align-center has-ast-global-color-3-color has-text-color has-link-color wp-elements-2fa313b97ec8efbd5b8f063296e1f0d1\">Kontakta oss f\u00f6r ett kostnadsfritt hembes\u00f6k<\/h4>\n<\/div>\n\n\n\n<div class=\"wp-block-uagb-container uagb-block-bd656f97\">\n<div class=\"wp-block-buttons is-content-justification-center is-layout-flex wp-container-core-buttons-is-layout-2 wp-block-buttons-is-layout-flex\">\n<div class=\"wp-block-button\"><a class=\"wp-block-button__link wp-element-button\" href=\"https:\/\/byggservicekallmora.se\/en\/kontakt\/\">Contact<\/a><\/div>\n<\/div>\n<\/div>\n<\/div><\/div>\n\n\n\n<div class=\"wp-block-uagb-container uagb-block-9b473f6b alignfull uagb-is-root-container\"><div class=\"uagb-container-inner-blocks-wrap\">\n<div class=\"wp-block-uagb-container uagb-block-f2ce8139\">\n<div class=\"wp-block-columns is-layout-flex wp-container-core-columns-is-layout-1 wp-block-columns-is-layout-flex\">\n<div class=\"wp-block-column is-layout-flow wp-block-column-is-layout-flow\" style=\"padding-top:var(--wp--preset--spacing--70);padding-bottom:var(--wp--preset--spacing--70)\"><\/div>\n<\/div>\n<\/div>\n<\/div><\/div>","protected":false},"excerpt":{"rendered":"<p>Beh\u00f6ver du en p\u00e5litlig hantverkare?Vad kan vi g\u00f6ra f\u00f6r dig? Kontakta oss f\u00f6r ett kostnadsfritt hembes\u00f6k<\/p>","protected":false},"author":1,"featured_media":0,"parent":77,"menu_order":0,"comment_status":"closed","ping_status":"closed","template":"","meta":{"_uag_custom_page_level_css":"","site-sidebar-layout":"default","site-content-layout":"page-builder","ast-site-content-layout":"full-width-container","site-content-style":"unboxed","site-sidebar-style":"unboxed","ast-global-header-display":"","ast-banner-title-visibility":"","ast-main-header-display":"","ast-hfb-above-header-display":"","ast-hfb-below-header-display":"","ast-hfb-mobile-header-display":"","site-post-title":"disabled","ast-breadcrumbs-content":"","ast-featured-img":"","footer-sml-layout":"","theme-transparent-header-meta":"enabled","adv-header-id-meta":"","stick-header-meta":"","header-above-stick-meta":"","header-main-stick-meta":"","header-below-stick-meta":"","astra-migrate-meta-layouts":"set","ast-page-background-enabled":"default","ast-page-background-meta":{"desktop":{"background-color":"var(--ast-global-color-4)","background-image":"","background-repeat":"repeat","background-position":"center center","background-size":"auto","background-attachment":"scroll","background-type":"","background-media":"","overlay-type":"","overlay-color":"","overlay-opacity":"","overlay-gradient":""},"tablet":{"background-color":"","background-image":"","background-repeat":"repeat","background-position":"center center","background-size":"auto","background-attachment":"scroll","background-type":"","background-media":"","overlay-type":"","overlay-color":"","overlay-opacity":"","overlay-gradient":""},"mobile":{"background-color":"","background-image":"","background-repeat":"repeat","background-position":"center center","background-size":"auto","background-attachment":"scroll","background-type":"","background-media":"","overlay-type":"","overlay-color":"","overlay-opacity":"","overlay-gradient":""}},"ast-content-background-meta":{"desktop":{"background-color":"var(--ast-global-color-5)","background-image":"","background-repeat":"repeat","background-position":"center center","background-size":"auto","background-attachment":"scroll","background-type":"","background-media":"","overlay-type":"","overlay-color":"","overlay-opacity":"","overlay-gradient":""},"tablet":{"background-color":"var(--ast-global-color-5)","background-image":"","background-repeat":"repeat","background-position":"center center","background-size":"auto","background-attachment":"scroll","background-type":"","background-media":"","overlay-type":"","overlay-color":"","overlay-opacity":"","overlay-gradient":""},"mobile":{"background-color":"var(--ast-global-color-5)","background-image":"","background-repeat":"repeat","background-position":"center center","background-size":"auto","background-attachment":"scroll","background-type":"","background-media":"","overlay-type":"","overlay-color":"","overlay-opacity":"","overlay-gradient":""}},"footnotes":""},"uagb_featured_image_src":{"full":false,"thumbnail":false,"medium":false,"medium_large":false,"large":false,"1536x1536":false,"2048x2048":false,"trp-custom-language-flag":false},"uagb_author_info":{"display_name":"admin","author_link":"https:\/\/byggservicekallmora.se\/en\/author\/admin\/"},"uagb_comment_info":0,"uagb_excerpt":"Beh\u00f6ver du en p\u00e5litlig hantverkare?Vad kan vi g\u00f6ra f\u00f6r dig? Kontakta oss f\u00f6r ett kostnadsfritt hembes\u00f6k","_links":{"self":[{"href":"https:\/\/byggservicekallmora.se\/en\/wp-json\/wp\/v2\/pages\/78"}],"collection":[{"href":"https:\/\/byggservicekallmora.se\/en\/wp-json\/wp\/v2\/pages"}],"about":[{"href":"https:\/\/byggservicekallmora.se\/en\/wp-json\/wp\/v2\/types\/page"}],"author":[{"embeddable":true,"href":"https:\/\/byggservicekallmora.se\/en\/wp-json\/wp\/v2\/users\/1"}],"replies":[{"embeddable":true,"href":"https:\/\/byggservicekallmora.se\/en\/wp-json\/wp\/v2\/comments?post=78"}],"version-history":[{"count":280,"href":"https:\/\/byggservicekallmora.se\/en\/wp-json\/wp\/v2\/pages\/78\/revisions"}],"predecessor-version":[{"id":1715,"href":"https:\/\/byggservicekallmora.se\/en\/wp-json\/wp\/v2\/pages\/78\/revisions\/1715"}],"up":[{"embeddable":true,"href":"https:\/\/byggservicekallmora.se\/en\/wp-json\/wp\/v2\/pages\/77"}],"wp:attachment":[{"href":"https:\/\/byggservicekallmora.se\/en\/wp-json\/wp\/v2\/media?parent=78"}],"curies":[{"name":"wp","href":"https:\/\/api.w.org\/{rel}","templated":true}]}}