{"id":1543,"date":"2024-12-07T14:30:06","date_gmt":"2024-12-07T14:30:06","guid":{"rendered":"https:\/\/byggservicekallmora.se\/?page_id=1543"},"modified":"2024-12-12T01:40:49","modified_gmt":"2024-12-12T01:40:49","slug":"om-oss","status":"publish","type":"page","link":"https:\/\/byggservicekallmora.se\/en\/om-oss\/","title":{"rendered":"About us"},"content":{"rendered":"<div class=\"wp-block-uagb-container uagb-block-bb76ffd8 alignwide uagb-is-root-container\">\n<div class=\"wp-block-uagb-advanced-heading uagb-block-55975aef\"><h1 class=\"uagb-heading-text\">About Us<\/h1><\/div>\n<\/div>\n\n\n\n<div class=\"wp-block-uagb-container uagb-block-87e3a151 alignfull uagb-is-root-container\"><div class=\"uagb-container-inner-blocks-wrap\">\n<div class=\"wp-block-uagb-container uagb-block-ee972037\">\n<div class=\"wp-block-uagb-info-box uagb-block-6c32a1e3 uagb-infobox__content-wrap  uagb-infobox-icon-above-title uagb-infobox-image-valign-top\"><div class=\"uagb-ifb-content\"><div class=\"uagb-ifb-title-wrap\"><h3 class=\"uagb-ifb-title\">Hej,<\/h3><\/div><p class=\"uagb-ifb-desc\"><br>Mitt namn \u00e4r Paul Broere och jag och min familj flyttade till Sverige i oktober 2023. I Holland drev jag en hantverkartj\u00e4nst i sex \u00e5r, och de senaste tre \u00e5ren fokuserade jag fr\u00e4mst p\u00e5 k\u00f6k, toaletter och badrum. Min resa inom byggbranschen b\u00f6rjade n\u00e4r jag var 17 \u00e5r och jobbade p\u00e5 ett putsf\u00f6retag som gjorde totalrenoveringar. Det var d\u00e4r jag fick min f\u00f6rsta insikt i byggv\u00e4rlden. Jag utbildade mig ocks\u00e5 till maskiningenj\u00f6r under fyra \u00e5r och d\u00e4refter l\u00e4ste jag tre \u00e5r f\u00f6r att bli elektriker. Jag har jobbat i tio \u00e5r utomlands med reparation av fartyg, fr\u00e5n 2 till 200 meter l\u00e5nga b\u00e5tar. N\u00e4r vi fick barn valde jag att arbeta n\u00e4rmare hemmet och fokuserade p\u00e5 lokala projekt. Bygg och renovering har alltid varit min passion, vilket ledde mig till att starta mitt eget f\u00f6retag 2018. Till en b\u00f6rjan gjorde jag enklare jobb som att h\u00e4nga d\u00f6rrar, laga takr\u00e4nnor, byta lampor och f\u00f6nster. Men n\u00e4r kunder b\u00f6rjade k\u00e4nna till mig tog jag p\u00e5 mig st\u00f6rre projekt som att reparera vattenledningar, byta elinstallationer och renovera toaletter. Jag f\u00f6rs\u00f6ker alltid att t\u00e4nka tillsammans med kunden och vara f\u00f6rutseende i varje projekt. Jag arbetar strukturerat och h\u00e5ller alltid de avtalade tidsramarna. Jag \u00e4r ofta i god tid och ser till att vara v\u00e4l f\u00f6rberedd. Trots min erfarenhet tar jag aldrig p\u00e5 mig ett projekt om jag inte \u00e4r s\u00e4ker p\u00e5 att jag kan leverera b\u00e4sta m\u00f6jliga resultat. Om jag inte k\u00e4nner mig kompetent f\u00f6r ett jobb, meddelar jag det tydligt och kan g\u00e4rna rekommendera ett f\u00f6retag som har r\u00e4tt expertis. \u00c4r du intresserad av att tr\u00e4ffas och diskutera m\u00f6jliga samarbeten?<br><br>Med v\u00e4nliga h\u00e4lsningar, <br>Paul Broere<\/p><\/div><\/div>\n<\/div>\n\n\n\n<div class=\"wp-block-uagb-container uagb-block-24bdd67c\">\n<div class=\"wp-block-uagb-container uagb-block-c68b08a4\">\n<figure class=\"wp-block-image size-large is-resized\"><img loading=\"lazy\" decoding=\"async\" width=\"726\" height=\"1024\" src=\"https:\/\/byggservicekallmora.se\/wp-content\/uploads\/2024\/12\/paul_broere_byggservicekallmora_l-1-726x1024.jpg\" alt=\"\" class=\"wp-image-1471\" style=\"width:323px;height:auto\" srcset=\"https:\/\/byggservicekallmora.se\/wp-content\/uploads\/2024\/12\/paul_broere_byggservicekallmora_l-1-726x1024.jpg 726w, https:\/\/byggservicekallmora.se\/wp-content\/uploads\/2024\/12\/paul_broere_byggservicekallmora_l-1-213x300.jpg 213w, https:\/\/byggservicekallmora.se\/wp-content\/uploads\/2024\/12\/paul_broere_byggservicekallmora_l-1-768x1083.jpg 768w, https:\/\/byggservicekallmora.se\/wp-content\/uploads\/2024\/12\/paul_broere_byggservicekallmora_l-1-9x12.jpg 9w, https:\/\/byggservicekallmora.se\/wp-content\/uploads\/2024\/12\/paul_broere_byggservicekallmora_l-1.jpg 851w\" sizes=\"(max-width: 726px) 100vw, 726px\" \/><\/figure>\n<\/div>\n<\/div>\n<\/div><\/div>\n\n\n\n<div class=\"wp-block-uagb-container uagb-block-c6306452 alignfull uagb-is-root-container\"><div class=\"uagb-container-inner-blocks-wrap\">\n<div class=\"wp-block-uagb-call-to-action uagb-block-f5c2c5f3 wp-block-button\"><div class=\"uagb-cta__wrap\"><h2 class=\"uagb-cta__title\">TALK TO US<\/h2><p class=\"uagb-cta__desc\">Do you have any questions? We are always open to discuss your business, new projects, creative opportunities and how we can help you.<\/p><\/div><div class=\"uagb-cta__buttons\"><a href=\"https:\/\/byggservicekallmora.se\/en\/kontakt\/\" class=\"uagb-cta__button-link-wrapper wp-block-button__link\" target=\"_self\" rel=\"noopener noreferrer\">GET IN TOUCH WITH US<\/a><\/div><\/div>\n<\/div><\/div>","protected":false},"excerpt":{"rendered":"<p>About Us<\/p>","protected":false},"author":1,"featured_media":0,"parent":0,"menu_order":0,"comment_status":"closed","ping_status":"closed","template":"","meta":{"_uag_custom_page_level_css":"","site-sidebar-layout":"default","site-content-layout":"","ast-site-content-layout":"default","site-content-style":"default","site-sidebar-style":"default","ast-global-header-display":"","ast-banner-title-visibility":"","ast-main-header-display":"","ast-hfb-above-header-display":"","ast-hfb-below-header-display":"","ast-hfb-mobile-header-display":"","site-post-title":"disabled","ast-breadcrumbs-content":"","ast-featured-img":"","footer-sml-layout":"","theme-transparent-header-meta":"","adv-header-id-meta":"","stick-header-meta":"","header-above-stick-meta":"","header-main-stick-meta":"","header-below-stick-meta":"","astra-migrate-meta-layouts":"set","ast-page-background-enabled":"default","ast-page-background-meta":{"desktop":{"background-color":"var(--ast-global-color-4)","background-image":"","background-repeat":"repeat","background-position":"center center","background-size":"auto","background-attachment":"scroll","background-type":"","background-media":"","overlay-type":"","overlay-color":"","overlay-opacity":"","overlay-gradient":""},"tablet":{"background-color":"","background-image":"","background-repeat":"repeat","background-position":"center center","background-size":"auto","background-attachment":"scroll","background-type":"","background-media":"","overlay-type":"","overlay-color":"","overlay-opacity":"","overlay-gradient":""},"mobile":{"background-color":"","background-image":"","background-repeat":"repeat","background-position":"center center","background-size":"auto","background-attachment":"scroll","background-type":"","background-media":"","overlay-type":"","overlay-color":"","overlay-opacity":"","overlay-gradient":""}},"ast-content-background-meta":{"desktop":{"background-color":"var(--ast-global-color-5)","background-image":"","background-repeat":"repeat","background-position":"center center","background-size":"auto","background-attachment":"scroll","background-type":"","background-media":"","overlay-type":"","overlay-color":"","overlay-opacity":"","overlay-gradient":""},"tablet":{"background-color":"var(--ast-global-color-5)","background-image":"","background-repeat":"repeat","background-position":"center center","background-size":"auto","background-attachment":"scroll","background-type":"","background-media":"","overlay-type":"","overlay-color":"","overlay-opacity":"","overlay-gradient":""},"mobile":{"background-color":"var(--ast-global-color-5)","background-image":"","background-repeat":"repeat","background-position":"center center","background-size":"auto","background-attachment":"scroll","background-type":"","background-media":"","overlay-type":"","overlay-color":"","overlay-opacity":"","overlay-gradient":""}},"footnotes":""},"uagb_featured_image_src":{"full":false,"thumbnail":false,"medium":false,"medium_large":false,"large":false,"1536x1536":false,"2048x2048":false,"trp-custom-language-flag":false},"uagb_author_info":{"display_name":"admin","author_link":"https:\/\/byggservicekallmora.se\/en\/author\/admin\/"},"uagb_comment_info":0,"uagb_excerpt":"OM OSS","_links":{"self":[{"href":"https:\/\/byggservicekallmora.se\/en\/wp-json\/wp\/v2\/pages\/1543"}],"collection":[{"href":"https:\/\/byggservicekallmora.se\/en\/wp-json\/wp\/v2\/pages"}],"about":[{"href":"https:\/\/byggservicekallmora.se\/en\/wp-json\/wp\/v2\/types\/page"}],"author":[{"embeddable":true,"href":"https:\/\/byggservicekallmora.se\/en\/wp-json\/wp\/v2\/users\/1"}],"replies":[{"embeddable":true,"href":"https:\/\/byggservicekallmora.se\/en\/wp-json\/wp\/v2\/comments?post=1543"}],"version-history":[{"count":24,"href":"https:\/\/byggservicekallmora.se\/en\/wp-json\/wp\/v2\/pages\/1543\/revisions"}],"predecessor-version":[{"id":1710,"href":"https:\/\/byggservicekallmora.se\/en\/wp-json\/wp\/v2\/pages\/1543\/revisions\/1710"}],"wp:attachment":[{"href":"https:\/\/byggservicekallmora.se\/en\/wp-json\/wp\/v2\/media?parent=1543"}],"curies":[{"name":"wp","href":"https:\/\/api.w.org\/{rel}","templated":true}]}}