{"id":107,"date":"2024-05-27T13:42:45","date_gmt":"2024-05-27T13:42:45","guid":{"rendered":"https:\/\/byggservicekallmora.se\/about\/"},"modified":"2024-12-12T00:21:23","modified_gmt":"2024-12-12T00:21:23","slug":"smajobb","status":"publish","type":"page","link":"https:\/\/byggservicekallmora.se\/en\/smajobb\/","title":{"rendered":"Sm\u00e5jobb"},"content":{"rendered":"<div class=\"wp-block-uagb-container uagb-block-c519c12d alignfull uagb-is-root-container\"><div class=\"uagb-container-inner-blocks-wrap\">\n<div class=\"wp-block-uagb-advanced-heading uagb-block-da94fd2c\"><h1 class=\"uagb-heading-text\">SM\u00c5JOBB<\/h1><\/div>\n<\/div><\/div>\n\n\n\n<div class=\"wp-block-uagb-container uagb-block-c1107f9e alignfull uagb-is-root-container\"><div class=\"uagb-container-inner-blocks-wrap\">\n<div class=\"wp-block-uagb-container uagb-block-910c9622\">\n<div class=\"wp-block-columns is-layout-flex wp-container-core-columns-is-layout-5 wp-block-columns-is-layout-flex\">\n<div class=\"wp-block-column is-layout-flow wp-block-column-is-layout-flow\" style=\"padding-right:var(--wp--preset--spacing--20);padding-left:var(--wp--preset--spacing--20)\">\n<div class=\"wp-block-uagb-container uagb-block-0f6fc541\">\n<div class=\"wp-block-columns is-layout-flex wp-container-core-columns-is-layout-1 wp-block-columns-is-layout-flex\">\n<div class=\"wp-block-column is-layout-flow wp-block-column-is-layout-flow\" style=\"padding-right:0;padding-left:0\">\n<div class=\"wp-block-uagb-info-box uagb-block-c631793d uagb-infobox__content-wrap  uagb-infobox-icon-above-title uagb-infobox-image-valign-top\"><div class=\"uagb-ifb-content\"><div class=\"uagb-ifb-title-wrap\"><h3 class=\"uagb-ifb-title\">Vi kan hj\u00e4lpa dig med sm\u00e5 utmaningar<\/h3><\/div><p class=\"uagb-ifb-desc\">Ofta finns det sm\u00e5jobb hemma som aldrig blir gjorda: En d\u00f6rr som inte st\u00e4ngs ordentligt, en lampa som ska h\u00e4ngas upp eller ett l\u00e4ckande avlopp. Vi har kunskapen och verktygen f\u00f6r att fixa dessa problem snabbt och effektivt. Eftersom varje jobb \u00e4r unikt, g\u00f6r vi g\u00e4rna en bed\u00f6mning p\u00e5 plats f\u00f6r att kunna ge en realistisk tidsuppskattning. P\u00e5 s\u00e5 s\u00e4tt kan vi planera arbetet utifr\u00e5n de specifika f\u00f6rh\u00e5llandena och l\u00f6sa problemet p\u00e5 b\u00e4sta s\u00e4tt.<\/p><\/div><\/div>\n<\/div>\n<\/div>\n<\/div>\n\n\n\n<div class=\"wp-block-uagb-container uagb-block-571b17d2\">\n<div class=\"wp-block-uagb-info-box uagb-block-8697eb84 uagb-infobox__content-wrap  uagb-infobox-icon-above-title uagb-infobox-image-valign-top\"><div class=\"uagb-ifb-content\"><div class=\"uagb-ifb-title-wrap\"><h4 class=\"uagb-ifb-title\"><strong>Vi delar upp sm\u00e5jobb i tv\u00e5 kategorier<\/strong><\/h4><\/div><p class=\"uagb-ifb-desc\">\u2022   Utan f\u00f6rberedelse<br>\u2022   Med f\u00f6rberedelse<\/p><\/div><\/div>\n<\/div>\n\n\n\n<div class=\"wp-block-uagb-container uagb-block-ba95519c\">\n<div class=\"wp-block-columns is-layout-flex wp-container-core-columns-is-layout-4 wp-block-columns-is-layout-flex\">\n<div class=\"wp-block-column is-layout-flow wp-block-column-is-layout-flow\">\n<div class=\"wp-block-uagb-container uagb-block-fd087f48\">\n<div class=\"wp-block-columns is-layout-flex wp-container-core-columns-is-layout-2 wp-block-columns-is-layout-flex\">\n<div class=\"wp-block-column is-layout-flow wp-block-column-is-layout-flow\" style=\"padding-right:0;padding-left:0\">\n<div class=\"wp-block-uagb-info-box uagb-block-a9cb3734 uagb-infobox__content-wrap  uagb-infobox-icon-above-title uagb-infobox-image-valign-top\"><div class=\"uagb-ifb-content\"><div class=\"uagb-ifb-title-wrap\"><h3 class=\"uagb-ifb-title\"><strong>Utan f\u00f6rberedelse<\/strong><\/h3><\/div><p class=\"uagb-ifb-desc\">Ofta kr\u00e4ver ett jobb inga f\u00f6rberedelser, det kan bero p\u00e5 att man bara beh\u00f6ver lite expertis eller att kunden levererar materialet sj\u00e4lv.<\/p><\/div><\/div>\n<\/div>\n<\/div>\n<\/div>\n\n\n\n<div class=\"wp-block-uagb-container uagb-block-40338cc2\">\n<div class=\"wp-block-uagb-container uagb-block-cfb9c735\">\n<div class=\"wp-block-uagb-container uagb-block-5c162948\">\n<div class=\"wp-block-uagb-info-box uagb-block-244dc1d0 uagb-infobox__content-wrap  uagb-infobox-icon-above-title uagb-infobox-image-valign-top\"><div class=\"uagb-ifb-content\"><div class=\"uagb-ifb-title-wrap\"><h4 class=\"uagb-ifb-title\"><strong>Examples<\/strong><\/h4><\/div><p class=\"uagb-ifb-desc\">\u2022   Reparera en d\u00f6rr som inte st\u00e4ngs ordentligt.<br>\u2022   Montera en lampa.<br>\u2022   Reng\u00f6ra ett vattenfilter.<br>\u2022   Montera golvlister eller foder.<\/p><\/div><\/div>\n<\/div>\n<\/div>\n<\/div>\n<\/div>\n\n\n\n<div class=\"wp-block-column is-layout-flow wp-block-column-is-layout-flow\">\n<div class=\"wp-block-uagb-container uagb-block-c6880dca\">\n<div class=\"wp-block-columns is-layout-flex wp-container-core-columns-is-layout-3 wp-block-columns-is-layout-flex\">\n<div class=\"wp-block-column is-layout-flow wp-block-column-is-layout-flow\" style=\"padding-right:0;padding-left:0\">\n<div class=\"wp-block-uagb-info-box uagb-block-011858ce uagb-infobox__content-wrap  uagb-infobox-icon-above-title uagb-infobox-image-valign-top wp-block-uagb-info-box--has-margin\"><div class=\"uagb-infobox-margin-wrapper\"><div class=\"uagb-ifb-content\"><div class=\"uagb-ifb-title-wrap\"><h3 class=\"uagb-ifb-title\"><strong><strong>Med f\u00f6rberedelse<\/strong><\/strong><\/h3><\/div><p class=\"uagb-ifb-desc\">Vissa sm\u00e5jobb kr\u00e4ver lite f\u00f6rberedelse, s\u00e4rskilt n\u00e4r det handlar om att byta n\u00e5got som r\u00f6r vatten eller el. Vi arbetar med material av bra kvalitet.<\/p><\/div><\/div><\/div>\n<\/div>\n<\/div>\n<\/div>\n\n\n\n<div class=\"wp-block-uagb-container uagb-block-120b1765\">\n<div class=\"wp-block-uagb-container uagb-block-cfc0468c\">\n<div class=\"wp-block-uagb-container uagb-block-3531ab06\">\n<div class=\"wp-block-uagb-info-box uagb-block-88170e54 uagb-infobox__content-wrap  uagb-infobox-icon-above-title uagb-infobox-image-valign-top\"><div class=\"uagb-ifb-content\"><div class=\"uagb-ifb-title-wrap\"><h4 class=\"uagb-ifb-title\"><strong>Examples<\/strong><\/h4><\/div><p class=\"uagb-ifb-desc\">\u2022   Byta ut en diskmaskin.<br>\u2022   Byta ut ett f\u00f6nster eller d\u00f6rr.<br>\u2022   Installera ett v\u00e4gguttag.<br>\u2022   Installera en vattenutkastare.<\/p><\/div><\/div>\n<\/div>\n<\/div>\n<\/div>\n<\/div>\n<\/div>\n<\/div>\n\n\n\n<div class=\"wp-block-uagb-advanced-heading uagb-block-88d62ab2\"><h5 class=\"uagb-heading-text\"><strong>N\u00e4r material levereras av kunden \u00e4r garantin fr\u00e5n oss begr\u00e4nsad, eftersom vi inte kan<\/strong> <strong>garantera kvaliteten p\u00e5 materialet.<\/strong><\/h5><\/div>\n<\/div>\n<\/div>\n<\/div>\n<\/div><\/div>\n\n\n\n<div class=\"wp-block-uagb-container uagb-block-85f3bd9d alignfull uagb-is-root-container\"><div class=\"uagb-container-inner-blocks-wrap\">\n<div class=\"wp-block-uagb-container uagb-block-57e63cfa\">\n<div class=\"wp-block-buttons is-content-justification-center is-layout-flex wp-container-core-buttons-is-layout-1 wp-block-buttons-is-layout-flex\">\n<div class=\"wp-block-button is-style-outline\"><a class=\"wp-block-button__link has-ast-global-color-1-color has-ast-global-color-5-background-color has-text-color has-background has-link-color wp-element-button\" href=\"https:\/\/byggservicekallmora.se\/en\/projekt\/\" style=\"border-width:2px\">Projects<\/a><\/div>\n<\/div>\n<\/div>\n<\/div><\/div>\n\n\n\n<div class=\"wp-block-uagb-container uagb-block-347ef204 alignfull uagb-is-root-container\"><div class=\"uagb-container-inner-blocks-wrap\">\n<div class=\"wp-block-uagb-call-to-action uagb-block-6d4c987b wp-block-button\"><div class=\"uagb-cta__wrap\"><h2 class=\"uagb-cta__title\">CONTACT US<\/h2><p class=\"uagb-cta__desc\">Kontakta oss f\u00f6r ett kostnadsfritt hembes\u00f6k<\/p><\/div><div class=\"uagb-cta__buttons\"><a href=\"https:\/\/byggservicekallmora.se\/en\/kontakt\/\" class=\"uagb-cta__button-link-wrapper wp-block-button__link\" target=\"_self\" rel=\"noopener noreferrer\">Contact<\/a><\/div><\/div>\n<\/div><\/div>","protected":false},"excerpt":{"rendered":"<p>SM\u00c5JOBB N\u00e4r material levereras av kunden \u00e4r garantin fr\u00e5n oss begr\u00e4nsad, eftersom vi inte kan garantera kvaliteten p\u00e5 materialet.<\/p>","protected":false},"author":1,"featured_media":0,"parent":0,"menu_order":0,"comment_status":"closed","ping_status":"closed","template":"","meta":{"_uag_custom_page_level_css":"","site-sidebar-layout":"default","site-content-layout":"","ast-site-content-layout":"default","site-content-style":"default","site-sidebar-style":"default","ast-global-header-display":"","ast-banner-title-visibility":"","ast-main-header-display":"","ast-hfb-above-header-display":"","ast-hfb-below-header-display":"","ast-hfb-mobile-header-display":"","site-post-title":"disabled","ast-breadcrumbs-content":"","ast-featured-img":"","footer-sml-layout":"","theme-transparent-header-meta":"enabled","adv-header-id-meta":"","stick-header-meta":"","header-above-stick-meta":"","header-main-stick-meta":"","header-below-stick-meta":"","astra-migrate-meta-layouts":"set","ast-page-background-enabled":"default","ast-page-background-meta":{"desktop":{"background-color":"var(--ast-global-color-4)","background-image":"","background-repeat":"repeat","background-position":"center center","background-size":"auto","background-attachment":"scroll","background-type":"","background-media":"","overlay-type":"","overlay-color":"","overlay-opacity":"","overlay-gradient":""},"tablet":{"background-color":"","background-image":"","background-repeat":"repeat","background-position":"center center","background-size":"auto","background-attachment":"scroll","background-type":"","background-media":"","overlay-type":"","overlay-color":"","overlay-opacity":"","overlay-gradient":""},"mobile":{"background-color":"","background-image":"","background-repeat":"repeat","background-position":"center center","background-size":"auto","background-attachment":"scroll","background-type":"","background-media":"","overlay-type":"","overlay-color":"","overlay-opacity":"","overlay-gradient":""}},"ast-content-background-meta":{"desktop":{"background-color":"var(--ast-global-color-5)","background-image":"","background-repeat":"repeat","background-position":"center center","background-size":"auto","background-attachment":"scroll","background-type":"","background-media":"","overlay-type":"","overlay-color":"","overlay-opacity":"","overlay-gradient":""},"tablet":{"background-color":"var(--ast-global-color-5)","background-image":"","background-repeat":"repeat","background-position":"center center","background-size":"auto","background-attachment":"scroll","background-type":"","background-media":"","overlay-type":"","overlay-color":"","overlay-opacity":"","overlay-gradient":""},"mobile":{"background-color":"var(--ast-global-color-5)","background-image":"","background-repeat":"repeat","background-position":"center center","background-size":"auto","background-attachment":"scroll","background-type":"","background-media":"","overlay-type":"","overlay-color":"","overlay-opacity":"","overlay-gradient":""}},"footnotes":""},"uagb_featured_image_src":{"full":false,"thumbnail":false,"medium":false,"medium_large":false,"large":false,"1536x1536":false,"2048x2048":false,"trp-custom-language-flag":false},"uagb_author_info":{"display_name":"admin","author_link":"https:\/\/byggservicekallmora.se\/en\/author\/admin\/"},"uagb_comment_info":0,"uagb_excerpt":"SM\u00c5JOBB N\u00e4r material levereras av kunden \u00e4r garantin fr\u00e5n oss begr\u00e4nsad, eftersom vi inte kan garantera kvaliteten p\u00e5 materialet.","_links":{"self":[{"href":"https:\/\/byggservicekallmora.se\/en\/wp-json\/wp\/v2\/pages\/107"}],"collection":[{"href":"https:\/\/byggservicekallmora.se\/en\/wp-json\/wp\/v2\/pages"}],"about":[{"href":"https:\/\/byggservicekallmora.se\/en\/wp-json\/wp\/v2\/types\/page"}],"author":[{"embeddable":true,"href":"https:\/\/byggservicekallmora.se\/en\/wp-json\/wp\/v2\/users\/1"}],"replies":[{"embeddable":true,"href":"https:\/\/byggservicekallmora.se\/en\/wp-json\/wp\/v2\/comments?post=107"}],"version-history":[{"count":91,"href":"https:\/\/byggservicekallmora.se\/en\/wp-json\/wp\/v2\/pages\/107\/revisions"}],"predecessor-version":[{"id":1700,"href":"https:\/\/byggservicekallmora.se\/en\/wp-json\/wp\/v2\/pages\/107\/revisions\/1700"}],"wp:attachment":[{"href":"https:\/\/byggservicekallmora.se\/en\/wp-json\/wp\/v2\/media?parent=107"}],"curies":[{"name":"wp","href":"https:\/\/api.w.org\/{rel}","templated":true}]}}